{"id":4658,"date":"2018-06-03T03:55:23","date_gmt":"2018-06-03T03:55:23","guid":{"rendered":"https:\/\/patycardonacancun.com\/paty\/?page_id=4658"},"modified":"2024-09-03T15:37:04","modified_gmt":"2024-09-03T15:37:04","slug":"servicios","status":"publish","type":"page","link":"https:\/\/patycardonacancun.com\/paty\/servicios\/","title":{"rendered":"Servicios"},"content":{"rendered":"<p>Somos lideres en Canc\u00fan en servicios inmobiliarios confiables, todos los d\u00edas asesoramos a constructores inversionistas y propietarios a crear negocios rentables. En los siguientes <span class=\"Estilo8\">links<\/span> podr\u00e1 encontrar la informaci\u00f3n necesaria para que su inmueble pueda ser comercializado en el menor tiempo y al mejor precio.<\/p>\n<p><strong>Nuestro servicios:<\/strong><\/p>\n<div class=\"su-accordion su-u-trim\"><div class=\"su-spoiler su-spoiler-style-default su-spoiler-icon-plus\" data-scroll-offset=\"0\" data-anchor-in-url=\"no\"><div class=\"su-spoiler-title\" tabindex=\"0\" role=\"button\"><span class=\"su-spoiler-icon\"><\/span>Ventas (clic para leer m\u00e1s)<\/div><div class=\"su-spoiler-content su-u-clearfix su-u-trim\">LAS 5 REGLAS PARA VENDER CON EFICIENCIA UN INMUEBLE.<\/p>\n<p>1.-PRIMERO D\u00c9JELO EN MANOS EXPERTAS.<\/p>\n<p>Vender un inmueble es una de las decisiones m\u00e1s trascendentales de nuestra vida, por lo cual recomendamos darle la importancia que merece, primero haga cita con un profesional inmobiliario para iniciar el proceso.<\/p>\n<p>2.-El orden del proceso es primordial, por lo cual veamos, \u00bfSabe usted que requiere el Profesional para brindarle esta asesor\u00eda de una manera certera y eficaz?<\/p>\n<p>A) Una cita en el inmueble con luz de d\u00eda.<\/p>\n<p>B) Acreditar la propiedad con todos los documentos necesarios (revisar check listing con el asesor).<\/p>\n<p>3.-Determinar el valor de venta del inmueble, de acuerdo al estado f\u00edsico, el mercado y la situaci\u00f3n legal del mismo.<\/p>\n<p>4.-Firmar contrato de comercializaci\u00f3n en exclusiva con la Empresa Inmobiliaria que usted elija.<\/p>\n<p>5.-Sea honesto con el profesional inmobiliario, es indispensable para poder brindarle el mejor de los servicios.<\/p>\n<p>En Paty Cardona y Asociados ser\u00e1 un placer atenderle.<\/div><\/div> <div class=\"su-spoiler su-spoiler-style-default su-spoiler-icon-plus\" data-scroll-offset=\"0\" data-anchor-in-url=\"no\"><div class=\"su-spoiler-title\" tabindex=\"0\" role=\"button\"><span class=\"su-spoiler-icon\"><\/span>Renta (clic para leer m\u00e1s)<\/div><div class=\"su-spoiler-content su-u-clearfix su-u-trim\">LAS 5 REGLAS PARA RENTAR CON EFICIENCIA UN INMUEBLE.<\/p>\n<p>1.-PRIMERO D\u00c9JELO EN MANOS EXPERTAS.<\/p>\n<p>Rentar su inmueble puede ser un buen o mal negocio, conlleva riesgos, por lo cual recomendamos darle la importancia que merece, primero haga una cita con un profesional inmobiliario para iniciar el proceso.<\/p>\n<p>2.-El orden del proceso es primordial, por lo cual veamos, \u00bfSabe usted que requiere el Profesional para brindarle esta asesor\u00eda de una manera certera y eficaz?<\/p>\n<p>A) Una cita en el inmueble con luz de d\u00eda<\/p>\n<p>B) Acreditar la propiedad con todos los documentos necesarios (revisar check listing con el asesor).<\/p>\n<p align=\"justify\"><span class=\"Estilo12\">3.-Determinar el valor de renta del inmueble, de acuerdo al estado f\u00edsico, el mercado y la situaci\u00f3n legal del mismo.<\/span><\/p>\n<p align=\"justify\"><span class=\"Estilo12\">4.-Firmar contrato de comercializaci\u00f3n en exclusiva con la Empresa Inmobiliaria que usted elija.<\/span><\/p>\n<p align=\"justify\"><span class=\"Estilo12\">5.-Sea honesto con el profesional inmobiliario, es indispensable para poder brindarle el mejor de los servicios.<\/span><\/p>\n<p align=\"justify\"><span class=\"Estilo12\">Checklist: Documentos requeridos, clic<a href=\"https:\/\/patycardonacancun.com\/paty\/wp-content\/uploads\/CHECKLIST2021.pdf\" target=\"_blank\" rel=\"noopener noreferrer\"> aqu\u00ed<\/a>. (Haga clic para ver la documentaci\u00f3n necesaria para rentar su inmueble). <\/span><\/p>\n<p align=\"justify\"><span class=\"Estilo12\">En Paty Cardona y Asociados ser\u00e1 un placer atenderle.<\/span><\/p>\n<\/div><\/div> <div class=\"su-spoiler su-spoiler-style-default su-spoiler-icon-plus\" data-scroll-offset=\"0\" data-anchor-in-url=\"no\"><div class=\"su-spoiler-title\" tabindex=\"0\" role=\"button\"><span class=\"su-spoiler-icon\"><\/span>Exclusiva (clic para leer m\u00e1s)<\/div><div class=\"su-spoiler-content su-u-clearfix su-u-trim\">\n<p align=\"justify\"><span class=\"Estilo11 style3\"><em>&#8220;NOS COMPROMETEMOS A BRINDARLE UN SERVICIO R\u00c1PIDO, EFICIENTE Y SEGURO&#8221;. <\/em><\/span><\/p>\n<p align=\"justify\"><span class=\"Estilo11\">Dar en exclusiva su(s) inmueble(s) para Paty Cardona y Asoc. es contraer un compromiso entre ambas partes \u201cEl Propietario\u201d y \u201cLa Empresa\u201d<\/span>.<\/p>\n<p align=\"justify\"><span class=\"style4 style5\">\u00bfPor qu\u00e9 un compromiso?<\/span><\/p>\n<p align=\"justify\"><span class=\"Estilo11\">Al otorgar un inmueble en exclusiva para Paty Cardona y Asoc. nos sentimos comprometidos ya que \u201cEl Propietario\u201d nos otorga un voto de confianza para comercializar su inmueble. Toda vez que entrego la documentaci\u00f3n necesaria y se firmo el convenio de comercializaci\u00f3n, nos ponemos a trabajar en la estrategia a seguir para que su inmueble se venda o rente en el menor tiempo posible y con las mejores condiciones.<\/span><\/p>\n<p align=\"justify\"><span class=\"style14\">\u00bfQu\u00e9 recibe a cambio de la exclusividad?<\/span><\/p>\n<p align=\"justify\"><span class=\"Estilo11\">\u25cfAl otorgar la exclusiva a Paty Cardona y Asoc., su inmueble estar\u00e1 en la cartera de una de las empresas l\u00edderes en Canc\u00fan.<br \/>\u25cfSe ubica en un precio real de mercado de acuerdo con las \u00faltimas rentas o ventas de la zona, se sugiere para mayor certeza realizar un avalu\u00f3 por un perito calificado.<br \/>\u25cfSe gestiona la estrategia ideal de comercializaci\u00f3n.<br \/>\u25cfSe ofrece inmediatamente a nuestra cartera de clientes.<br \/>\u25cfSe sube a nuestra p\u00e1gina web www.patycardonacancun.com.<br \/>\u25cfSe sube a varios sitios web.<\/span><span class=\"Estilo11\"><br \/>\u25cfSe ofrece en la Bolsa Inmobiliario de AMPI.<br \/>\u25cfSe integra a nuestra publicidad institucional .*<br \/>\u25cfEl propietario recibir\u00e1 una vez al mes un reporte de medios, as\u00ed como una relaci\u00f3n de clientes que visitaron su inmueble.<br \/><\/span><\/p>\n<p align=\"justify\"><span class=\"style14\">Requisitos para comercializar su inmueble en exclusiva?<\/span><\/p>\n<p class=\"Estilo11\" align=\"justify\">\u25cfDependiendo del inmueble, el Asociado le indicar\u00e1 la documentaci\u00f3n necesaria a entregar y firmar convenio entre las partes.<\/p>\n<p class=\"Estilo11\" align=\"justify\"><span class=\"style14\">Ventajas de otorgar un inmueble en exclusiva.<\/span><\/p>\n<p class=\"Estilo11\" align=\"justify\">\u25cfExiste el compromiso formal de la empresa inmobiliaria de correr su inmueble.<br \/>\u25cfSer\u00e1 el primer inmueble que la empresa inmobiliaria presente en su recorrido a los clientes potenciales.<br \/>\u25cfEl precio en que se comercialice ser\u00e1 un precio real y justo de mercado, contribuyendo con esto a que el inmueble se comercialice r\u00e1pidamente.<br \/>\u25cfLos clientes que se llevan a su inmueble son calificados, brind\u00e1ndole seguridad, sobre todo cuando los inmuebles est\u00e1n ocupados.<br \/>\u25cfUsted solamente negociara con Paty Cardona y Asoc.<\/p>\n<p class=\"Estilo11\" align=\"justify\"><span class=\"style14\">Al no dar su propiedad en exclusiva&#8230;<\/span><\/p>\n<p>\u25cfLas empresas inmobiliarias no invertir\u00e1n tiempo ni publicidad en su inmueble.<br \/>\u25cfLas empresas inmobiliarias mostrar\u00e1n en \u00faltimo lugar su inmueble.<br \/>\u25cfSu inmueble estar\u00e1 en el mercado con distintos precios.<br \/>\u25cfLos clientes que le lleven quiz\u00e1 no est\u00e9n calificados.<br \/>\u25cfSu inmueble estar\u00e1 \u201ccongelado\u201d sobre los escritorios de las empresas inmobiliarias.<br \/>\u25cfQuiz\u00e1 los clientes busquen su propiedad, y al no ser atendidos r\u00e1pido, renten o compren otra.<\/p>\n<p class=\"Estilo11\" align=\"justify\"><span class=\"style14\">Tips para vender mas r\u00e1pido su inmueble.<\/span><\/p>\n<p class=\"Estilo11\" align=\"justify\">\u25cfEs muy importante considerar el valor comercial del inmueble actualizado, lo mejor ser\u00e1 siempre hacer un aval\u00fao y que este realizado por un perito calificado.<br \/>\u25cfEl inmueble deber\u00e1 estar limpio y bien ventilado.<br \/>\u25cfLa jardiner\u00eda as\u00ed como la alberca en caso de contar con ellas deber\u00e1n estar en buen estado.<br \/>\u25cfSer claros y precisos en que incluye el precio del inmueble como por ejemplo: ventiladores, aires acondicionados, l\u00edneas telef\u00f3nicas, cortinas, equipos electr\u00f3nicos, etc.<br \/>\u25cfEn darse el caso de estar presente el propietario en la demostraci\u00f3n del inmueble, permitir que sea el profesional inmobiliario quien haga la presentaci\u00f3n del inmueble.<\/p>\n<p class=\"Estilo11\" align=\"justify\">*De acuerdo a la estrategia que se gestione.<\/p>\n<p align=\"justify\"><span class=\"Estilo12\">En Paty Cardona y Asociados ser\u00e1 un placer atenderle.<\/span><\/p>\n<\/div><\/div><\/div>\n<p>Para conocer sobre nuestro Servicio de Administraci\u00f3n de Inmuebles, haga clic <a href=\"http:\/\/www.patycardonacancun.com\/admin2019.pdf\" target=\"_blank\" rel=\"noopener noreferrer\">aqu\u00ed<\/a><\/p>\n<p>Para conocer m\u00e1s sobre nuestros Servicios en General, haga clic <a href=\"https:\/\/patycardonacancun.com\/paty\/wp-content\/uploads\/servicios-paty-cardona2021.pdf\" target=\"_blank\" rel=\"noopener noreferrer\">aqu\u00ed<\/a><\/p>\n<h4>Nuestros asesores son especialistas en:<\/h4>\n<ul>\n<li>Todo tipo de terreno.<\/li>\n<li>Vivienda de nivel medio, medio y alto; ya sea para venta o renta.<\/li>\n<li>Locales comerciales en los mejores centros comerciales para venta o renta.<\/li>\n<li>Bodegas en venta o renta.<\/li>\n<li>Negocios exitosos funcionando.<\/li>\n<\/ul>\n<h4>Experiencia<\/h4>\n<blockquote>\n<p>Con 30 a\u00f1os de experiencia hemos realizado con \u00e9xito operaciones de compra-venta- arrendamiento as\u00ed como de nuevas empresas y comercios. Nuestro portafolio de servicios incluye: Estudios de mercado, asesor\u00eda de proyectos y comercializaci\u00f3n de vivienda y centros comerciales.<\/p>\n<p>\u00a0<\/p>\n<\/blockquote>\n\n\n<div class=\"wp-block-file\"><a href=\"https:\/\/patycardonacancun.com\/paty\/wp-content\/uploads\/SERVICIOS-PATY-CARDONA-2024-.pdf\">SERVICIOS PATY CARDONA 2024<\/a><a href=\"https:\/\/patycardonacancun.com\/paty\/wp-content\/uploads\/SERVICIOS-PATY-CARDONA-2024-.pdf\" class=\"wp-block-file__button\" download>Descarga<\/a><\/div>\n\n\n\n<p><\/p>\n\n\n\n<p><strong>IMPORTANTE:<\/strong> Toda la informaci\u00f3n publicada en esta p\u00e1gina web es meramente informativa. Las medidas, precios, tipos de amenidades, especificaciones t\u00e9cnicas, planos, fotograf\u00edas e im\u00e1genes renderizadas son elementos visuales de caracter informativo y no contractual. Para obtener informaci\u00f3n exacta de cualquier propiedad y\/o desarrollo, por favor contacte a nuestros asesores inmobiliarios por medio de los formularios instalados en esta p\u00e1gina web o de manera telef\u00f3nica a nuestra oficina.<\/p>\n","protected":false},"excerpt":{"rendered":"<p>Somos lideres en Canc\u00fan en servicios inmobiliarios confiables, todos los d\u00edas asesoramos a constructores inversionistas y propietarios a crear negocios rentables. En los siguientes links podr\u00e1 encontrar la informaci\u00f3n necesaria para que su inmueble pueda ser comercializado en el menor tiempo y al mejor precio. Nuestro servicios: Para conocer sobre nuestro Servicio de Administraci\u00f3n de&#8230;<\/p>\n","protected":false},"author":1,"featured_media":0,"parent":0,"menu_order":0,"comment_status":"closed","ping_status":"closed","template":"","meta":{"footnotes":""},"class_list":["post-4658","page","type-page","status-publish","hentry"],"_links":{"self":[{"href":"https:\/\/patycardonacancun.com\/paty\/wp-json\/wp\/v2\/pages\/4658","targetHints":{"allow":["GET"]}}],"collection":[{"href":"https:\/\/patycardonacancun.com\/paty\/wp-json\/wp\/v2\/pages"}],"about":[{"href":"https:\/\/patycardonacancun.com\/paty\/wp-json\/wp\/v2\/types\/page"}],"author":[{"embeddable":true,"href":"https:\/\/patycardonacancun.com\/paty\/wp-json\/wp\/v2\/users\/1"}],"replies":[{"embeddable":true,"href":"https:\/\/patycardonacancun.com\/paty\/wp-json\/wp\/v2\/comments?post=4658"}],"version-history":[{"count":19,"href":"https:\/\/patycardonacancun.com\/paty\/wp-json\/wp\/v2\/pages\/4658\/revisions"}],"predecessor-version":[{"id":18735,"href":"https:\/\/patycardonacancun.com\/paty\/wp-json\/wp\/v2\/pages\/4658\/revisions\/18735"}],"wp:attachment":[{"href":"https:\/\/patycardonacancun.com\/paty\/wp-json\/wp\/v2\/media?parent=4658"}],"curies":[{"name":"wp","href":"https:\/\/api.w.org\/{rel}","templated":true}]}}