{"id":4641,"date":"2018-06-02T22:27:27","date_gmt":"2018-06-02T22:27:27","guid":{"rendered":"https:\/\/patycardonacancun.com\/paty\/?page_id=4641"},"modified":"2021-11-09T19:16:05","modified_gmt":"2021-11-09T19:16:05","slug":"quienes-somos","status":"publish","type":"page","link":"https:\/\/patycardonacancun.com\/paty\/quienes-somos\/","title":{"rendered":"Quienes Somos"},"content":{"rendered":"\n<h3 class=\"wp-block-heading\">Misi\u00f3n<\/h3>\n\n\n\n<blockquote class=\"wp-block-quote is-layout-flow wp-block-quote-is-layout-flow\"><p>Brindar un servicio de asesor\u00eda inmobiliaria integral para facilitar a nuestros clientes la toma de decisiones a corto, media y largo plazo.<\/p><p><\/p><\/blockquote>\n\n\n\n<h3 class=\"wp-block-heading\">Visi\u00f3n<\/h3>\n\n\n\n<blockquote class=\"wp-block-quote is-layout-flow wp-block-quote-is-layout-flow\"><p>Conservar el liderazgo en servicios inmobiliarios confiables y transparentes, mismos que nos han permitido estar los primeros 30 a\u00f1os en la pen\u00ednsula de Yucat\u00e1n.<\/p><\/blockquote>\n\n\n\n<h3 class=\"wp-block-heading\">Curr\u00edculo Paty Cardona<\/h3>\n\n\n<p>Cuenta con 30 a\u00f1os de experiencia en el mercado inmobiliario.<\/p>\n<p>Matricula Inmobiliaria: 91730E0EB0MR005000017<\/p>\n<h4>Estudios profesionales<\/h4>\n<ul>\n<li>Carrera de Arquitectura en el a\u00f1o de 1979 en la UANL.<\/li>\n<\/ul>\n<h4>Diplomados y cursos<\/h4>\n<ul>\n<li>Diplomado de Bienes Ra\u00edces en la Universidad La Salle en el a\u00f1o 2000.<\/li>\n<li>Seminario Derecho Inmobiliario en Ampi Cancun, en Junio de 2000.<\/li>\n<li>Diplomado en Retos y Oportunidades de las Empresas Familiares 2002.<\/li>\n<li>Curso de las Nuevas Estrategias de Negociaci\u00f3n 2002.<\/li>\n<li>Certificado de Asesor de Bienes Ra\u00edces 2002.<\/li>\n<li>Certificaci\u00f3n Inmobiliaria AMPI 2003.<\/li>\n<li>Diplomado de Alta Direcci\u00f3n en el ITESM 2004.<\/li>\n<li>Certificado de Competencia Laboral de Calificaci\u00f3n, por el Consejo Nacional de Normalizaci\u00f3n 2007 No CSIM0519.01.<\/li>\n<li>Diplomado en Desarrollo de Proyectos Inmobiliarios en el ITESM 2008.<\/li>\n<li>Curso Relaciones P\u00fablicas en la Comunicaci\u00f3n Integral de Mercadotecnia ITESM 2010.<\/li>\n<li>Cursos E-commerce ITESM 2010.<\/li>\n<li>Certificado de Infonavit 2011.<\/li>\n<li>Taller arrendamiento seguro 2012.<\/li>\n<li>Curso INEGI 2013.<\/li>\n<li>Diplomado de Derecho Inmobiliario, Escuela Superior de Leyes 2016.<\/li>\n<\/ul>\n<h4>Actividad gremial<\/h4>\n<ul>\n<li>Socia de la Ampi desde el a\u00f1o 2000.<\/li>\n<li>Tesosera de la Ampi en el a\u00f1o 2001, 2002.<\/li>\n<li>Presidenta de la Ampi en el a\u00f1o 2003.<\/li>\n<li>Representante de la Ampi en el Consejo Consultivo de Desarrollo Urbano de Canc\u00fan en el a\u00f1o 2003 al 2006.<\/li>\n<li>Integrante de la Comisi\u00f3n de Honor y Justicia de la AMPI en los a\u00f1os 2004 al 2011 y del 2016 al 2018.<\/li>\n<li>Actualmente forma parte del Consejo Consultivo de ex presidentes de la Ampi y del Comit\u00e9 de Capacitaci\u00f3n.<\/li>\n<\/ul>\n<h4>Actividad profesional<\/h4>\n<ul>\n<li>1990-1992 Asesor Inmobiliario en PROGRESA en la Cd. de Monterrey.<\/li>\n<li>1992-2004 Asesor Inmobiliario Independiente.<\/li>\n<li>2005 Directora de Inmobiliaria Paty Cardona S.A. De C.V., empresa dedicada a brindar servicios inmobiliarios de venta, renta, administraci\u00f3n y asesor\u00eda de bienes ra\u00edces en Canc\u00fan, Quintana Roo.<\/li>\n<li>2013, 2014, 2017 y 2018 Imparte en la Universidad La Salle Canc\u00fan el Diplomado para el Agente Inmobiliarios los siguientes m\u00f3dulos: Iniciaci\u00f3n a los Bienes Ra\u00edces, Psicolog\u00eda de la Negociaci\u00f3n Inmobiliaria y \u00c9tica en los Bienes Ra\u00edces.<\/li>\n<li>Del 2013 a la fecha, imparte capacitaci\u00f3n de Inmuebles.<\/li>\n<li>Integrante de la Comisi\u00f3n de Honor y Justicia de la AMPI en los a\u00f1os del 2004 al 2011 y del 2016 al 2018, Presidenta de dicha comisi\u00f3n del 2019 a la fecha.<\/li>\n<\/ul>\n\n\n<p><strong>IMPORTANTE:<\/strong> Toda la informaci\u00f3n publicada en esta p\u00e1gina web es meramente informativa. Las medidas, precios, tipos de amenidades, especificaciones t\u00e9cnicas, planos, fotograf\u00edas e im\u00e1genes renderizadas son elementos visuales de car\u00e1cter informativo y no contractual. Para obtener informaci\u00f3n exacta de cualquier propiedad y\/o desarrollo, por favor contacte a nuestros asesores inmobiliarios por medio de los formularios instalados en esta p\u00e1gina web o de manera telef\u00f3nica a nuestra oficina.<\/p>\n","protected":false},"excerpt":{"rendered":"<p>Misi\u00f3n Brindar un servicio de asesor\u00eda inmobiliaria integral para facilitar a nuestros clientes la toma de decisiones a corto, media y largo plazo. Visi\u00f3n Conservar el liderazgo en servicios inmobiliarios confiables y transparentes, mismos que nos han permitido estar los primeros 30 a\u00f1os en la pen\u00ednsula de Yucat\u00e1n. Curr\u00edculo Paty Cardona Cuenta con 30 a\u00f1os&#8230;<\/p>\n","protected":false},"author":1,"featured_media":0,"parent":0,"menu_order":0,"comment_status":"closed","ping_status":"closed","template":"","meta":{"footnotes":""},"class_list":["post-4641","page","type-page","status-publish","hentry"],"_links":{"self":[{"href":"https:\/\/patycardonacancun.com\/paty\/wp-json\/wp\/v2\/pages\/4641","targetHints":{"allow":["GET"]}}],"collection":[{"href":"https:\/\/patycardonacancun.com\/paty\/wp-json\/wp\/v2\/pages"}],"about":[{"href":"https:\/\/patycardonacancun.com\/paty\/wp-json\/wp\/v2\/types\/page"}],"author":[{"embeddable":true,"href":"https:\/\/patycardonacancun.com\/paty\/wp-json\/wp\/v2\/users\/1"}],"replies":[{"embeddable":true,"href":"https:\/\/patycardonacancun.com\/paty\/wp-json\/wp\/v2\/comments?post=4641"}],"version-history":[{"count":17,"href":"https:\/\/patycardonacancun.com\/paty\/wp-json\/wp\/v2\/pages\/4641\/revisions"}],"predecessor-version":[{"id":12494,"href":"https:\/\/patycardonacancun.com\/paty\/wp-json\/wp\/v2\/pages\/4641\/revisions\/12494"}],"wp:attachment":[{"href":"https:\/\/patycardonacancun.com\/paty\/wp-json\/wp\/v2\/media?parent=4641"}],"curies":[{"name":"wp","href":"https:\/\/api.w.org\/{rel}","templated":true}]}}